{"id":83,"date":"2023-05-25T12:08:57","date_gmt":"2023-05-25T09:08:57","guid":{"rendered":"http:\/\/www.pasarestaurantpansiyon.com\/?page_id=83"},"modified":"2023-05-25T18:39:04","modified_gmt":"2023-05-25T15:39:04","slug":"pansiyon","status":"publish","type":"page","link":"https:\/\/www.pasarestaurantpansiyon.com\/?page_id=83","title":{"rendered":"Pansiyon"},"content":{"rendered":"\n<div class=\"wp-block-cover alignfull\" style=\"min-height:352px;aspect-ratio:unset;\"><span aria-hidden=\"true\" class=\"wp-block-cover__background has-nv-light-bg-background-color has-background-dim-100 has-background-dim\"><\/span><div class=\"wp-block-cover__inner-container is-layout-flow wp-block-cover-is-layout-flow\">\n<div class=\"wp-block-group\"><div class=\"wp-block-group__inner-container is-layout-flow wp-block-group-is-layout-flow\">\n<div style=\"height:24px\" aria-hidden=\"true\" class=\"wp-block-spacer\"><\/div>\n\n\n\n<h2 class=\"wp-block-heading has-text-align-right has-neve-link-color-color has-text-color\">Pansiyonumuz Hakk\u0131nda<\/h2>\n\n\n\n<div class=\"wp-block-group is-horizontal is-content-justification-center is-nowrap is-layout-flex wp-container-core-group-is-layout-c1dfda1e wp-block-group-is-layout-flex\">\n<div class=\"wp-block-columns is-layout-flex wp-container-core-columns-is-layout-9d6595d7 wp-block-columns-is-layout-flex\">\n<div class=\"wp-block-column is-vertically-aligned-top is-layout-flow wp-block-column-is-layout-flow\" style=\"flex-basis:100%\">\n<div class=\"wp-block-columns is-layout-flex wp-container-core-columns-is-layout-9d6595d7 wp-block-columns-is-layout-flex\">\n<div class=\"wp-block-column is-layout-flow wp-block-column-is-layout-flow\" style=\"flex-basis:100%\">\n<p class=\"has-neve-text-color-color has-text-color\" style=\"font-size:21px\">1995 y\u0131l\u0131nda kurulan i\u015fletmemiz, konaklama imkan\u0131 sunan bir pansiyon-otel olarak siz de\u011ferli misafirlerimizi a\u011f\u0131rlamaktan mutluluk duyar. Pansiyon k\u0131sm\u0131m\u0131zda sizlere konforlu bir otel deneyimi sunuyoruz. Modern ve \u015f\u0131k tasar\u0131ma sahip odalar\u0131m\u0131zda rahatlat\u0131c\u0131 bir konaklama deneyimi ya\u015fayabilirsiniz. Yumu\u015fak yataklar\u0131m\u0131zda dinlendikten sonra g\u00fcne enerjik bir \u015fekilde ba\u015flayabilirsiniz. <strong>Ayr\u0131ca, pansiyonumuzun sundu\u011fu di\u011fer olanaklar aras\u0131nda ortak kullan\u0131m alanlar\u0131, \u00fccretsiz Wi-Fi, odalar\u0131m\u0131za \u00f6zel; TV, mini so\u011futucu ve klima, 24 saat resepsiyon hizmeti ve otopark imkan\u0131 da bulunmaktad\u0131r.<\/strong> Denizin huzur veren manzaras\u0131na yak\u0131n bir konumda bulunmam\u0131z, sizlere hem dinlendirici bir konaklama hem de \u00e7evredeki do\u011fal g\u00fczellikleri ke\u015ffetme imkan\u0131 sunmaktad\u0131r. Sizleri i\u015fletmemizde a\u011f\u0131rlamaktan mutluluk duyaca\u011f\u0131m\u0131z\u0131 belirtmek isteriz.<\/p>\n<\/div>\n<\/div>\n<\/div>\n<\/div>\n<\/div>\n\n\n\n<div style=\"height:40px\" aria-hidden=\"true\" class=\"wp-block-spacer\"><\/div>\n<\/div><\/div>\n<\/div><\/div>\n\n\n\n<div class=\"wp-block-cover alignfull\" style=\"min-height:600px;aspect-ratio:unset;\"><span aria-hidden=\"true\" class=\"wp-block-cover__background has-nv-dark-bg-background-color has-background-dim-100 has-background-dim\"><\/span><div class=\"wp-block-cover__inner-container is-layout-flow wp-block-cover-is-layout-flow\">\n<div class=\"wp-block-group\"><div class=\"wp-block-group__inner-container is-layout-flow wp-block-group-is-layout-flow\">\n<div style=\"height:80px\" aria-hidden=\"true\" class=\"wp-block-spacer\"><\/div>\n\n\n\n<div class=\"wp-block-columns are-vertically-aligned-center is-layout-flex wp-container-core-columns-is-layout-9d6595d7 wp-block-columns-is-layout-flex\">\n<div class=\"wp-block-column is-vertically-aligned-center is-layout-flow wp-block-column-is-layout-flow\" style=\"flex-basis:50%\">\n<p class=\"has-nv-text-dark-bg-color has-text-color\">Temiz ve hijyenik bir pansiyon-otel olarak siz de\u011ferli misafirlerimizi a\u011f\u0131rlamaktan b\u00fcy\u00fck bir memnuniyet duyar\u0131z. Odalar\u0131m\u0131z d\u00fczenli olarak temizlenmekte ve hijyen standartlar\u0131na uygun bir \u015fekilde haz\u0131rlanmaktad\u0131r. Misafirlerimizin sa\u011fl\u0131\u011f\u0131 ve konforu bizim \u00f6nceli\u011fimizdir. Ayr\u0131ca, hijyen \u00f6nlemlerini art\u0131rmak amac\u0131yla pansiyonumuzda d\u00fczenli dezenfeksiyon i\u015flemleri ger\u00e7ekle\u015ftirilmektedir. G\u00fcvenli ve rahat bir konaklama deneyimi ya\u015faman\u0131z i\u00e7in t\u00fcm \u00f6nlemleri almaktay\u0131z. Sizleri temiz ve hijyenik bir ortamda a\u011f\u0131rlamaktan mutluluk duyaca\u011f\u0131m\u0131z\u0131 belirtmek isteriz.<\/p>\n\n\n\n<div style=\"height:20px\" aria-hidden=\"true\" class=\"wp-block-spacer\"><\/div>\n\n\n\n<div class=\"wp-block-buttons is-layout-flex wp-block-buttons-is-layout-flex\">\n<div class=\"wp-block-button is-style-primary\"><a class=\"wp-block-button__link wp-element-button\" href=\"http:\/\/www.pasarestaurantpansiyon.com\/?page_id=8\">Rezervasyon \u0130\u00e7in<\/a><\/div>\n<\/div>\n\n\n\n<div style=\"height:20px\" aria-hidden=\"true\" class=\"wp-block-spacer\"><\/div>\n<\/div>\n\n\n\n<div class=\"wp-block-column is-vertically-aligned-center is-layout-flow wp-block-column-is-layout-flow\" style=\"flex-basis:50%\">\n<figure class=\"wp-block-image size-full\"><img loading=\"lazy\" decoding=\"async\" width=\"600\" height=\"600\" src=\"http:\/\/www.pasarestaurantpansiyon.com\/wp-content\/uploads\/2023\/05\/pansiyon-2.png\" alt=\"\" class=\"wp-image-95\" srcset=\"https:\/\/www.pasarestaurantpansiyon.com\/wp-content\/uploads\/2023\/05\/pansiyon-2.png 600w, https:\/\/www.pasarestaurantpansiyon.com\/wp-content\/uploads\/2023\/05\/pansiyon-2-300x300.png 300w, https:\/\/www.pasarestaurantpansiyon.com\/wp-content\/uploads\/2023\/05\/pansiyon-2-150x150.png 150w\" sizes=\"auto, (max-width: 600px) 100vw, 600px\" \/><\/figure>\n<\/div>\n<\/div>\n\n\n\n<div style=\"height:40px\" aria-hidden=\"true\" class=\"wp-block-spacer\"><\/div>\n<\/div><\/div>\n<\/div><\/div>\n\n\n\n<div class=\"wp-block-cover alignfull\" style=\"min-height:836px;aspect-ratio:unset;\"><span aria-hidden=\"true\" class=\"wp-block-cover__background has-nv-site-bg-background-color has-background-dim-100 has-background-dim\"><\/span><div class=\"wp-block-cover__inner-container is-layout-flow wp-block-cover-is-layout-flow\">\n<div style=\"height:80px\" aria-hidden=\"true\" class=\"wp-block-spacer\"><\/div>\n\n\n\n<h2 class=\"wp-block-heading has-nv-dark-bg-color has-text-color\">G\u00f6r\u00fcnt\u00fcler<\/h2>\n\n\n\n<div class=\"wp-block-columns is-layout-flex wp-container-core-columns-is-layout-9d6595d7 wp-block-columns-is-layout-flex\">\n<div class=\"wp-block-column is-layout-flow wp-block-column-is-layout-flow\">\n<figure class=\"wp-block-gallery has-nested-images columns-8 is-cropped wp-block-gallery-1 is-layout-flex wp-block-gallery-is-layout-flex\">\n<figure class=\"wp-block-image size-full\"><img loading=\"lazy\" decoding=\"async\" width=\"600\" height=\"600\" data-id=\"95\" src=\"http:\/\/www.pasarestaurantpansiyon.com\/wp-content\/uploads\/2023\/05\/pansiyon-2.png\" alt=\"\" class=\"wp-image-95\" srcset=\"https:\/\/www.pasarestaurantpansiyon.com\/wp-content\/uploads\/2023\/05\/pansiyon-2.png 600w, https:\/\/www.pasarestaurantpansiyon.com\/wp-content\/uploads\/2023\/05\/pansiyon-2-300x300.png 300w, https:\/\/www.pasarestaurantpansiyon.com\/wp-content\/uploads\/2023\/05\/pansiyon-2-150x150.png 150w\" sizes=\"auto, (max-width: 600px) 100vw, 600px\" \/><\/figure>\n\n\n\n<figure class=\"wp-block-image size-full\"><img loading=\"lazy\" decoding=\"async\" width=\"738\" height=\"1600\" data-id=\"130\" src=\"http:\/\/www.pasarestaurantpansiyon.com\/wp-content\/uploads\/2023\/05\/WhatsApp-Image-2023-05-25-at-13.40.05.jpeg\" alt=\"\" class=\"wp-image-130\" srcset=\"https:\/\/www.pasarestaurantpansiyon.com\/wp-content\/uploads\/2023\/05\/WhatsApp-Image-2023-05-25-at-13.40.05.jpeg 738w, https:\/\/www.pasarestaurantpansiyon.com\/wp-content\/uploads\/2023\/05\/WhatsApp-Image-2023-05-25-at-13.40.05-138x300.jpeg 138w, https:\/\/www.pasarestaurantpansiyon.com\/wp-content\/uploads\/2023\/05\/WhatsApp-Image-2023-05-25-at-13.40.05-472x1024.jpeg 472w, https:\/\/www.pasarestaurantpansiyon.com\/wp-content\/uploads\/2023\/05\/WhatsApp-Image-2023-05-25-at-13.40.05-708x1536.jpeg 708w\" sizes=\"auto, (max-width: 738px) 100vw, 738px\" \/><\/figure>\n\n\n\n<figure class=\"wp-block-image size-full\"><img loading=\"lazy\" decoding=\"async\" width=\"738\" height=\"1600\" data-id=\"131\" src=\"http:\/\/www.pasarestaurantpansiyon.com\/wp-content\/uploads\/2023\/05\/WhatsApp-Image-2023-05-25-at-13.40.06.jpeg\" alt=\"\" class=\"wp-image-131\" srcset=\"https:\/\/www.pasarestaurantpansiyon.com\/wp-content\/uploads\/2023\/05\/WhatsApp-Image-2023-05-25-at-13.40.06.jpeg 738w, https:\/\/www.pasarestaurantpansiyon.com\/wp-content\/uploads\/2023\/05\/WhatsApp-Image-2023-05-25-at-13.40.06-138x300.jpeg 138w, https:\/\/www.pasarestaurantpansiyon.com\/wp-content\/uploads\/2023\/05\/WhatsApp-Image-2023-05-25-at-13.40.06-472x1024.jpeg 472w, https:\/\/www.pasarestaurantpansiyon.com\/wp-content\/uploads\/2023\/05\/WhatsApp-Image-2023-05-25-at-13.40.06-708x1536.jpeg 708w\" sizes=\"auto, (max-width: 738px) 100vw, 738px\" \/><\/figure>\n\n\n\n<figure class=\"wp-block-image size-full\"><img loading=\"lazy\" decoding=\"async\" width=\"738\" height=\"1600\" data-id=\"125\" src=\"http:\/\/www.pasarestaurantpansiyon.com\/wp-content\/uploads\/2023\/05\/WhatsApp-Image-2023-05-25-at-13.39.59.jpeg\" alt=\"\" class=\"wp-image-125\" srcset=\"https:\/\/www.pasarestaurantpansiyon.com\/wp-content\/uploads\/2023\/05\/WhatsApp-Image-2023-05-25-at-13.39.59.jpeg 738w, https:\/\/www.pasarestaurantpansiyon.com\/wp-content\/uploads\/2023\/05\/WhatsApp-Image-2023-05-25-at-13.39.59-138x300.jpeg 138w, https:\/\/www.pasarestaurantpansiyon.com\/wp-content\/uploads\/2023\/05\/WhatsApp-Image-2023-05-25-at-13.39.59-472x1024.jpeg 472w, https:\/\/www.pasarestaurantpansiyon.com\/wp-content\/uploads\/2023\/05\/WhatsApp-Image-2023-05-25-at-13.39.59-708x1536.jpeg 708w\" sizes=\"auto, (max-width: 738px) 100vw, 738px\" \/><\/figure>\n\n\n\n<figure class=\"wp-block-image size-full\"><img loading=\"lazy\" decoding=\"async\" width=\"738\" height=\"1600\" data-id=\"124\" src=\"http:\/\/www.pasarestaurantpansiyon.com\/wp-content\/uploads\/2023\/05\/WhatsApp-Image-2023-05-25-at-13.39.59-1.jpeg\" alt=\"\" class=\"wp-image-124\" srcset=\"https:\/\/www.pasarestaurantpansiyon.com\/wp-content\/uploads\/2023\/05\/WhatsApp-Image-2023-05-25-at-13.39.59-1.jpeg 738w, https:\/\/www.pasarestaurantpansiyon.com\/wp-content\/uploads\/2023\/05\/WhatsApp-Image-2023-05-25-at-13.39.59-1-138x300.jpeg 138w, https:\/\/www.pasarestaurantpansiyon.com\/wp-content\/uploads\/2023\/05\/WhatsApp-Image-2023-05-25-at-13.39.59-1-472x1024.jpeg 472w, https:\/\/www.pasarestaurantpansiyon.com\/wp-content\/uploads\/2023\/05\/WhatsApp-Image-2023-05-25-at-13.39.59-1-708x1536.jpeg 708w\" sizes=\"auto, (max-width: 738px) 100vw, 738px\" \/><\/figure>\n\n\n\n<figure class=\"wp-block-image size-full\"><img loading=\"lazy\" decoding=\"async\" width=\"738\" height=\"1600\" data-id=\"123\" src=\"http:\/\/www.pasarestaurantpansiyon.com\/wp-content\/uploads\/2023\/05\/WhatsApp-Image-2023-05-25-at-13.39.41.jpeg\" alt=\"\" class=\"wp-image-123\" srcset=\"https:\/\/www.pasarestaurantpansiyon.com\/wp-content\/uploads\/2023\/05\/WhatsApp-Image-2023-05-25-at-13.39.41.jpeg 738w, https:\/\/www.pasarestaurantpansiyon.com\/wp-content\/uploads\/2023\/05\/WhatsApp-Image-2023-05-25-at-13.39.41-138x300.jpeg 138w, https:\/\/www.pasarestaurantpansiyon.com\/wp-content\/uploads\/2023\/05\/WhatsApp-Image-2023-05-25-at-13.39.41-472x1024.jpeg 472w, https:\/\/www.pasarestaurantpansiyon.com\/wp-content\/uploads\/2023\/05\/WhatsApp-Image-2023-05-25-at-13.39.41-708x1536.jpeg 708w\" sizes=\"auto, (max-width: 738px) 100vw, 738px\" \/><\/figure>\n\n\n\n<figure class=\"wp-block-image size-full\"><img loading=\"lazy\" decoding=\"async\" width=\"738\" height=\"1600\" data-id=\"122\" src=\"http:\/\/www.pasarestaurantpansiyon.com\/wp-content\/uploads\/2023\/05\/WhatsApp-Image-2023-05-25-at-13.39.04.jpeg\" alt=\"\" class=\"wp-image-122\" srcset=\"https:\/\/www.pasarestaurantpansiyon.com\/wp-content\/uploads\/2023\/05\/WhatsApp-Image-2023-05-25-at-13.39.04.jpeg 738w, https:\/\/www.pasarestaurantpansiyon.com\/wp-content\/uploads\/2023\/05\/WhatsApp-Image-2023-05-25-at-13.39.04-138x300.jpeg 138w, https:\/\/www.pasarestaurantpansiyon.com\/wp-content\/uploads\/2023\/05\/WhatsApp-Image-2023-05-25-at-13.39.04-472x1024.jpeg 472w, https:\/\/www.pasarestaurantpansiyon.com\/wp-content\/uploads\/2023\/05\/WhatsApp-Image-2023-05-25-at-13.39.04-708x1536.jpeg 708w\" sizes=\"auto, (max-width: 738px) 100vw, 738px\" \/><\/figure>\n\n\n\n<figure class=\"wp-block-image size-full\"><img loading=\"lazy\" decoding=\"async\" width=\"738\" height=\"1600\" data-id=\"121\" src=\"http:\/\/www.pasarestaurantpansiyon.com\/wp-content\/uploads\/2023\/05\/WhatsApp-Image-2023-05-25-at-13.39.04-2.jpeg\" alt=\"\" class=\"wp-image-121\" srcset=\"https:\/\/www.pasarestaurantpansiyon.com\/wp-content\/uploads\/2023\/05\/WhatsApp-Image-2023-05-25-at-13.39.04-2.jpeg 738w, https:\/\/www.pasarestaurantpansiyon.com\/wp-content\/uploads\/2023\/05\/WhatsApp-Image-2023-05-25-at-13.39.04-2-138x300.jpeg 138w, https:\/\/www.pasarestaurantpansiyon.com\/wp-content\/uploads\/2023\/05\/WhatsApp-Image-2023-05-25-at-13.39.04-2-472x1024.jpeg 472w, https:\/\/www.pasarestaurantpansiyon.com\/wp-content\/uploads\/2023\/05\/WhatsApp-Image-2023-05-25-at-13.39.04-2-708x1536.jpeg 708w\" sizes=\"auto, (max-width: 738px) 100vw, 738px\" \/><\/figure>\n\n\n\n<figure class=\"wp-block-image size-full\"><img loading=\"lazy\" decoding=\"async\" width=\"738\" height=\"1600\" data-id=\"120\" src=\"http:\/\/www.pasarestaurantpansiyon.com\/wp-content\/uploads\/2023\/05\/WhatsApp-Image-2023-05-25-at-13.39.04-1.jpeg\" alt=\"\" class=\"wp-image-120\" srcset=\"https:\/\/www.pasarestaurantpansiyon.com\/wp-content\/uploads\/2023\/05\/WhatsApp-Image-2023-05-25-at-13.39.04-1.jpeg 738w, https:\/\/www.pasarestaurantpansiyon.com\/wp-content\/uploads\/2023\/05\/WhatsApp-Image-2023-05-25-at-13.39.04-1-138x300.jpeg 138w, https:\/\/www.pasarestaurantpansiyon.com\/wp-content\/uploads\/2023\/05\/WhatsApp-Image-2023-05-25-at-13.39.04-1-472x1024.jpeg 472w, https:\/\/www.pasarestaurantpansiyon.com\/wp-content\/uploads\/2023\/05\/WhatsApp-Image-2023-05-25-at-13.39.04-1-708x1536.jpeg 708w\" sizes=\"auto, (max-width: 738px) 100vw, 738px\" \/><\/figure>\n\n\n\n<figure class=\"wp-block-image size-full\"><img loading=\"lazy\" decoding=\"async\" width=\"738\" height=\"1600\" data-id=\"126\" src=\"http:\/\/www.pasarestaurantpansiyon.com\/wp-content\/uploads\/2023\/05\/WhatsApp-Image-2023-05-25-at-13.40.04.jpeg\" alt=\"\" class=\"wp-image-126\" srcset=\"https:\/\/www.pasarestaurantpansiyon.com\/wp-content\/uploads\/2023\/05\/WhatsApp-Image-2023-05-25-at-13.40.04.jpeg 738w, https:\/\/www.pasarestaurantpansiyon.com\/wp-content\/uploads\/2023\/05\/WhatsApp-Image-2023-05-25-at-13.40.04-138x300.jpeg 138w, https:\/\/www.pasarestaurantpansiyon.com\/wp-content\/uploads\/2023\/05\/WhatsApp-Image-2023-05-25-at-13.40.04-472x1024.jpeg 472w, https:\/\/www.pasarestaurantpansiyon.com\/wp-content\/uploads\/2023\/05\/WhatsApp-Image-2023-05-25-at-13.40.04-708x1536.jpeg 708w\" sizes=\"auto, (max-width: 738px) 100vw, 738px\" \/><\/figure>\n\n\n\n<figure class=\"wp-block-image size-full\"><img loading=\"lazy\" decoding=\"async\" width=\"738\" height=\"1600\" data-id=\"127\" src=\"http:\/\/www.pasarestaurantpansiyon.com\/wp-content\/uploads\/2023\/05\/WhatsApp-Image-2023-05-25-at-13.40.05-1.jpeg\" alt=\"\" class=\"wp-image-127\" srcset=\"https:\/\/www.pasarestaurantpansiyon.com\/wp-content\/uploads\/2023\/05\/WhatsApp-Image-2023-05-25-at-13.40.05-1.jpeg 738w, https:\/\/www.pasarestaurantpansiyon.com\/wp-content\/uploads\/2023\/05\/WhatsApp-Image-2023-05-25-at-13.40.05-1-138x300.jpeg 138w, https:\/\/www.pasarestaurantpansiyon.com\/wp-content\/uploads\/2023\/05\/WhatsApp-Image-2023-05-25-at-13.40.05-1-472x1024.jpeg 472w, https:\/\/www.pasarestaurantpansiyon.com\/wp-content\/uploads\/2023\/05\/WhatsApp-Image-2023-05-25-at-13.40.05-1-708x1536.jpeg 708w\" sizes=\"auto, (max-width: 738px) 100vw, 738px\" \/><\/figure>\n\n\n\n<figure class=\"wp-block-image size-full\"><img loading=\"lazy\" decoding=\"async\" width=\"738\" height=\"1600\" data-id=\"128\" src=\"http:\/\/www.pasarestaurantpansiyon.com\/wp-content\/uploads\/2023\/05\/WhatsApp-Image-2023-05-25-at-13.40.05-2.jpeg\" alt=\"\" class=\"wp-image-128\" srcset=\"https:\/\/www.pasarestaurantpansiyon.com\/wp-content\/uploads\/2023\/05\/WhatsApp-Image-2023-05-25-at-13.40.05-2.jpeg 738w, https:\/\/www.pasarestaurantpansiyon.com\/wp-content\/uploads\/2023\/05\/WhatsApp-Image-2023-05-25-at-13.40.05-2-138x300.jpeg 138w, https:\/\/www.pasarestaurantpansiyon.com\/wp-content\/uploads\/2023\/05\/WhatsApp-Image-2023-05-25-at-13.40.05-2-472x1024.jpeg 472w, https:\/\/www.pasarestaurantpansiyon.com\/wp-content\/uploads\/2023\/05\/WhatsApp-Image-2023-05-25-at-13.40.05-2-708x1536.jpeg 708w\" sizes=\"auto, (max-width: 738px) 100vw, 738px\" \/><\/figure>\n\n\n\n<figure class=\"wp-block-image size-full\"><img loading=\"lazy\" decoding=\"async\" width=\"738\" height=\"1600\" data-id=\"129\" src=\"http:\/\/www.pasarestaurantpansiyon.com\/wp-content\/uploads\/2023\/05\/WhatsApp-Image-2023-05-25-at-13.40.05-3.jpeg\" alt=\"\" class=\"wp-image-129\" srcset=\"https:\/\/www.pasarestaurantpansiyon.com\/wp-content\/uploads\/2023\/05\/WhatsApp-Image-2023-05-25-at-13.40.05-3.jpeg 738w, https:\/\/www.pasarestaurantpansiyon.com\/wp-content\/uploads\/2023\/05\/WhatsApp-Image-2023-05-25-at-13.40.05-3-138x300.jpeg 138w, https:\/\/www.pasarestaurantpansiyon.com\/wp-content\/uploads\/2023\/05\/WhatsApp-Image-2023-05-25-at-13.40.05-3-472x1024.jpeg 472w, https:\/\/www.pasarestaurantpansiyon.com\/wp-content\/uploads\/2023\/05\/WhatsApp-Image-2023-05-25-at-13.40.05-3-708x1536.jpeg 708w\" sizes=\"auto, (max-width: 738px) 100vw, 738px\" \/><\/figure>\n\n\n\n<figure class=\"wp-block-image size-full\"><img loading=\"lazy\" decoding=\"async\" width=\"1600\" height=\"738\" data-id=\"138\" src=\"http:\/\/www.pasarestaurantpansiyon.com\/wp-content\/uploads\/2023\/05\/WhatsApp-Image-2023-05-25-at-18.27.23.jpeg\" alt=\"\" class=\"wp-image-138\" srcset=\"https:\/\/www.pasarestaurantpansiyon.com\/wp-content\/uploads\/2023\/05\/WhatsApp-Image-2023-05-25-at-18.27.23.jpeg 1600w, https:\/\/www.pasarestaurantpansiyon.com\/wp-content\/uploads\/2023\/05\/WhatsApp-Image-2023-05-25-at-18.27.23-300x138.jpeg 300w, https:\/\/www.pasarestaurantpansiyon.com\/wp-content\/uploads\/2023\/05\/WhatsApp-Image-2023-05-25-at-18.27.23-1024x472.jpeg 1024w, https:\/\/www.pasarestaurantpansiyon.com\/wp-content\/uploads\/2023\/05\/WhatsApp-Image-2023-05-25-at-18.27.23-768x354.jpeg 768w, https:\/\/www.pasarestaurantpansiyon.com\/wp-content\/uploads\/2023\/05\/WhatsApp-Image-2023-05-25-at-18.27.23-1536x708.jpeg 1536w\" sizes=\"auto, (max-width: 1600px) 100vw, 1600px\" \/><\/figure>\n\n\n\n<figure class=\"wp-block-image size-full\"><img loading=\"lazy\" decoding=\"async\" width=\"1600\" height=\"738\" data-id=\"143\" src=\"http:\/\/www.pasarestaurantpansiyon.com\/wp-content\/uploads\/2023\/05\/WhatsApp-Image-2023-05-25-at-18.27.24-1.jpeg\" alt=\"\" class=\"wp-image-143\" srcset=\"https:\/\/www.pasarestaurantpansiyon.com\/wp-content\/uploads\/2023\/05\/WhatsApp-Image-2023-05-25-at-18.27.24-1.jpeg 1600w, https:\/\/www.pasarestaurantpansiyon.com\/wp-content\/uploads\/2023\/05\/WhatsApp-Image-2023-05-25-at-18.27.24-1-300x138.jpeg 300w, https:\/\/www.pasarestaurantpansiyon.com\/wp-content\/uploads\/2023\/05\/WhatsApp-Image-2023-05-25-at-18.27.24-1-1024x472.jpeg 1024w, https:\/\/www.pasarestaurantpansiyon.com\/wp-content\/uploads\/2023\/05\/WhatsApp-Image-2023-05-25-at-18.27.24-1-768x354.jpeg 768w, https:\/\/www.pasarestaurantpansiyon.com\/wp-content\/uploads\/2023\/05\/WhatsApp-Image-2023-05-25-at-18.27.24-1-1536x708.jpeg 1536w\" sizes=\"auto, (max-width: 1600px) 100vw, 1600px\" \/><\/figure>\n\n\n\n<figure class=\"wp-block-image size-full\"><img loading=\"lazy\" decoding=\"async\" width=\"1600\" height=\"738\" data-id=\"140\" src=\"http:\/\/www.pasarestaurantpansiyon.com\/wp-content\/uploads\/2023\/05\/WhatsApp-Image-2023-05-25-at-18.27.24.jpeg\" alt=\"\" class=\"wp-image-140\" srcset=\"https:\/\/www.pasarestaurantpansiyon.com\/wp-content\/uploads\/2023\/05\/WhatsApp-Image-2023-05-25-at-18.27.24.jpeg 1600w, https:\/\/www.pasarestaurantpansiyon.com\/wp-content\/uploads\/2023\/05\/WhatsApp-Image-2023-05-25-at-18.27.24-300x138.jpeg 300w, https:\/\/www.pasarestaurantpansiyon.com\/wp-content\/uploads\/2023\/05\/WhatsApp-Image-2023-05-25-at-18.27.24-1024x472.jpeg 1024w, https:\/\/www.pasarestaurantpansiyon.com\/wp-content\/uploads\/2023\/05\/WhatsApp-Image-2023-05-25-at-18.27.24-768x354.jpeg 768w, https:\/\/www.pasarestaurantpansiyon.com\/wp-content\/uploads\/2023\/05\/WhatsApp-Image-2023-05-25-at-18.27.24-1536x708.jpeg 1536w\" sizes=\"auto, (max-width: 1600px) 100vw, 1600px\" \/><\/figure>\n\n\n\n<figure class=\"wp-block-image size-full\"><img loading=\"lazy\" decoding=\"async\" width=\"1600\" height=\"738\" data-id=\"142\" src=\"http:\/\/www.pasarestaurantpansiyon.com\/wp-content\/uploads\/2023\/05\/WhatsApp-Image-2023-05-25-at-18.27.25-1.jpeg\" alt=\"\" class=\"wp-image-142\" srcset=\"https:\/\/www.pasarestaurantpansiyon.com\/wp-content\/uploads\/2023\/05\/WhatsApp-Image-2023-05-25-at-18.27.25-1.jpeg 1600w, https:\/\/www.pasarestaurantpansiyon.com\/wp-content\/uploads\/2023\/05\/WhatsApp-Image-2023-05-25-at-18.27.25-1-300x138.jpeg 300w, https:\/\/www.pasarestaurantpansiyon.com\/wp-content\/uploads\/2023\/05\/WhatsApp-Image-2023-05-25-at-18.27.25-1-1024x472.jpeg 1024w, https:\/\/www.pasarestaurantpansiyon.com\/wp-content\/uploads\/2023\/05\/WhatsApp-Image-2023-05-25-at-18.27.25-1-768x354.jpeg 768w, https:\/\/www.pasarestaurantpansiyon.com\/wp-content\/uploads\/2023\/05\/WhatsApp-Image-2023-05-25-at-18.27.25-1-1536x708.jpeg 1536w\" sizes=\"auto, (max-width: 1600px) 100vw, 1600px\" \/><\/figure>\n\n\n\n<figure class=\"wp-block-image size-full\"><img loading=\"lazy\" decoding=\"async\" width=\"1600\" height=\"738\" data-id=\"139\" src=\"http:\/\/www.pasarestaurantpansiyon.com\/wp-content\/uploads\/2023\/05\/WhatsApp-Image-2023-05-25-at-18.27.25.jpeg\" alt=\"\" class=\"wp-image-139\" srcset=\"https:\/\/www.pasarestaurantpansiyon.com\/wp-content\/uploads\/2023\/05\/WhatsApp-Image-2023-05-25-at-18.27.25.jpeg 1600w, https:\/\/www.pasarestaurantpansiyon.com\/wp-content\/uploads\/2023\/05\/WhatsApp-Image-2023-05-25-at-18.27.25-300x138.jpeg 300w, https:\/\/www.pasarestaurantpansiyon.com\/wp-content\/uploads\/2023\/05\/WhatsApp-Image-2023-05-25-at-18.27.25-1024x472.jpeg 1024w, https:\/\/www.pasarestaurantpansiyon.com\/wp-content\/uploads\/2023\/05\/WhatsApp-Image-2023-05-25-at-18.27.25-768x354.jpeg 768w, https:\/\/www.pasarestaurantpansiyon.com\/wp-content\/uploads\/2023\/05\/WhatsApp-Image-2023-05-25-at-18.27.25-1536x708.jpeg 1536w\" sizes=\"auto, (max-width: 1600px) 100vw, 1600px\" \/><\/figure>\n\n\n\n<figure class=\"wp-block-image size-full\"><img loading=\"lazy\" decoding=\"async\" width=\"1600\" height=\"738\" data-id=\"141\" src=\"http:\/\/www.pasarestaurantpansiyon.com\/wp-content\/uploads\/2023\/05\/WhatsApp-Image-2023-05-25-at-18.27.26.jpeg\" alt=\"\" class=\"wp-image-141\" srcset=\"https:\/\/www.pasarestaurantpansiyon.com\/wp-content\/uploads\/2023\/05\/WhatsApp-Image-2023-05-25-at-18.27.26.jpeg 1600w, https:\/\/www.pasarestaurantpansiyon.com\/wp-content\/uploads\/2023\/05\/WhatsApp-Image-2023-05-25-at-18.27.26-300x138.jpeg 300w, https:\/\/www.pasarestaurantpansiyon.com\/wp-content\/uploads\/2023\/05\/WhatsApp-Image-2023-05-25-at-18.27.26-1024x472.jpeg 1024w, https:\/\/www.pasarestaurantpansiyon.com\/wp-content\/uploads\/2023\/05\/WhatsApp-Image-2023-05-25-at-18.27.26-768x354.jpeg 768w, https:\/\/www.pasarestaurantpansiyon.com\/wp-content\/uploads\/2023\/05\/WhatsApp-Image-2023-05-25-at-18.27.26-1536x708.jpeg 1536w\" sizes=\"auto, (max-width: 1600px) 100vw, 1600px\" \/><\/figure>\n<\/figure>\n<\/div>\n<\/div>\n\n\n\n<div style=\"height:30px\" aria-hidden=\"true\" class=\"wp-block-spacer\"><\/div>\n<\/div><\/div>\n","protected":false},"excerpt":{"rendered":"","protected":false},"author":1,"featured_media":0,"parent":0,"menu_order":0,"comment_status":"closed","ping_status":"closed","template":"","meta":{"neve_meta_sidebar":"","neve_meta_container":"","neve_meta_enable_content_width":"on","neve_meta_content_width":100,"neve_meta_title_alignment":"","neve_meta_author_avatar":"","neve_post_elements_order":"","neve_meta_disable_header":"","neve_meta_disable_footer":"","neve_meta_disable_title":"on","_themeisle_gutenberg_block_has_review":false,"footnotes":""},"class_list":["post-83","page","type-page","status-publish","hentry"],"_links":{"self":[{"href":"https:\/\/www.pasarestaurantpansiyon.com\/index.php?rest_route=\/wp\/v2\/pages\/83","targetHints":{"allow":["GET"]}}],"collection":[{"href":"https:\/\/www.pasarestaurantpansiyon.com\/index.php?rest_route=\/wp\/v2\/pages"}],"about":[{"href":"https:\/\/www.pasarestaurantpansiyon.com\/index.php?rest_route=\/wp\/v2\/types\/page"}],"author":[{"embeddable":true,"href":"https:\/\/www.pasarestaurantpansiyon.com\/index.php?rest_route=\/wp\/v2\/users\/1"}],"replies":[{"embeddable":true,"href":"https:\/\/www.pasarestaurantpansiyon.com\/index.php?rest_route=%2Fwp%2Fv2%2Fcomments&post=83"}],"version-history":[{"count":8,"href":"https:\/\/www.pasarestaurantpansiyon.com\/index.php?rest_route=\/wp\/v2\/pages\/83\/revisions"}],"predecessor-version":[{"id":145,"href":"https:\/\/www.pasarestaurantpansiyon.com\/index.php?rest_route=\/wp\/v2\/pages\/83\/revisions\/145"}],"wp:attachment":[{"href":"https:\/\/www.pasarestaurantpansiyon.com\/index.php?rest_route=%2Fwp%2Fv2%2Fmedia&parent=83"}],"curies":[{"name":"wp","href":"https:\/\/api.w.org\/{rel}","templated":true}]}}