{"id":81,"date":"2023-05-25T11:33:37","date_gmt":"2023-05-25T08:33:37","guid":{"rendered":"http:\/\/www.pasarestaurantpansiyon.com\/?page_id=81"},"modified":"2023-05-25T18:41:14","modified_gmt":"2023-05-25T15:41:14","slug":"restaurant","status":"publish","type":"page","link":"https:\/\/www.pasarestaurantpansiyon.com\/?page_id=81","title":{"rendered":"Restaurant"},"content":{"rendered":"\n<div class=\"wp-block-cover alignfull\" style=\"min-height:300px;aspect-ratio:unset;\"><span aria-hidden=\"true\" class=\"wp-block-cover__background has-nv-site-bg-background-color has-background-dim-100 has-background-dim\"><\/span><div class=\"wp-block-cover__inner-container is-layout-flow wp-block-cover-is-layout-flow\">\n<div class=\"wp-block-group\"><div class=\"wp-block-group__inner-container is-layout-flow wp-block-group-is-layout-flow\">\n<h1 class=\"wp-block-heading has-text-align-left has-neve-text-color-color has-text-color\">Restaurant\u0131m\u0131z<\/h1>\n<\/div><\/div>\n<\/div><\/div>\n\n\n\n<div class=\"wp-block-cover alignfull\" style=\"min-height:600px;aspect-ratio:unset;\"><span aria-hidden=\"true\" class=\"wp-block-cover__background has-nv-light-bg-background-color has-background-dim-100 has-background-dim\"><\/span><div class=\"wp-block-cover__inner-container is-layout-flow wp-block-cover-is-layout-flow\">\n<div class=\"wp-block-group\"><div class=\"wp-block-group__inner-container is-layout-flow wp-block-group-is-layout-flow\">\n<div style=\"height:80px\" aria-hidden=\"true\" class=\"wp-block-spacer\"><\/div>\n\n\n\n<div class=\"wp-block-columns are-vertically-aligned-center is-layout-flex wp-container-core-columns-is-layout-9d6595d7 wp-block-columns-is-layout-flex\">\n<div class=\"wp-block-column is-vertically-aligned-center is-layout-flow wp-block-column-is-layout-flow\" style=\"flex-basis:50%\">\n<figure class=\"wp-block-image size-full size-large\"><img loading=\"lazy\" decoding=\"async\" width=\"600\" height=\"600\" src=\"http:\/\/www.pasarestaurantpansiyon.com\/wp-content\/uploads\/2023\/05\/restaurant-ansayfa-1.png\" alt=\"\" class=\"wp-image-78\" srcset=\"https:\/\/www.pasarestaurantpansiyon.com\/wp-content\/uploads\/2023\/05\/restaurant-ansayfa-1.png 600w, https:\/\/www.pasarestaurantpansiyon.com\/wp-content\/uploads\/2023\/05\/restaurant-ansayfa-1-300x300.png 300w, https:\/\/www.pasarestaurantpansiyon.com\/wp-content\/uploads\/2023\/05\/restaurant-ansayfa-1-150x150.png 150w\" sizes=\"auto, (max-width: 600px) 100vw, 600px\" \/><\/figure>\n<\/div>\n\n\n\n<div class=\"wp-block-column is-vertically-aligned-center is-layout-flow wp-block-column-is-layout-flow\" style=\"flex-basis:50%\">\n<h2 class=\"wp-block-heading has-neve-text-color-color has-text-color\">Taze ve \u00c7e\u015fitli<\/h2>\n\n\n\n<p class=\"has-neve-text-color-color has-text-color has-medium-font-size\">1995 y\u0131l\u0131nda a\u00e7\u0131lan i\u015fletmemiz, deniz \u00fcr\u00fcnleriyle dolu zengin bir men\u00fc sunan bir restoran ve pansiyon olarak hizmet vermektedir. Denize yak\u0131n konumlanm\u0131\u015f olmam\u0131z, taze ve lezzetli deniz \u00fcr\u00fcnlerine kolay eri\u015fim sa\u011flamam\u0131z\u0131 m\u00fcmk\u00fcn k\u0131lar. Men\u00fcm\u00fczde \u00e7e\u015fitli bal\u0131k, karides, midye, yenge\u00e7 gibi deniz \u00fcr\u00fcnleri \u00f6zelikle \u00f6n plandad\u0131r. \u015eeflerimiz ustal\u0131kla haz\u0131rlad\u0131klar\u0131 deniz \u00fcr\u00fcnleri yemekleri ile misafirlerimize enfes bir deneyim sunmaktad\u0131r. Ayr\u0131ca, deniz \u00fcr\u00fcnleri haricinde et ve sebze tabanl\u0131 alternatifler de sunarak geni\u015f bir yelpazede lezzet se\u00e7enekleri sunmaktay\u0131z. Kaliteli hizmetimiz ve lezzetli deniz \u00fcr\u00fcnleri men\u00fcm\u00fczle, misafirlerimize unutulmaz bir deniz tatili deneyimi sunmaktan gurur duyuyoruz.<\/p>\n<\/div>\n<\/div>\n\n\n\n<div style=\"height:40px\" aria-hidden=\"true\" class=\"wp-block-spacer\"><\/div>\n<\/div><\/div>\n<\/div><\/div>\n\n\n\n<div class=\"wp-block-cover alignfull\" style=\"min-height:600px;aspect-ratio:unset;\"><span aria-hidden=\"true\" class=\"wp-block-cover__background has-nv-dark-bg-background-color has-background-dim-100 has-background-dim\"><\/span><div class=\"wp-block-cover__inner-container is-layout-flow wp-block-cover-is-layout-flow\">\n<div class=\"wp-block-group\"><div class=\"wp-block-group__inner-container is-layout-flow wp-block-group-is-layout-flow\">\n<div style=\"height:80px\" aria-hidden=\"true\" class=\"wp-block-spacer\"><\/div>\n\n\n\n<div class=\"wp-block-columns are-vertically-aligned-center is-layout-flex wp-container-core-columns-is-layout-9d6595d7 wp-block-columns-is-layout-flex\">\n<div class=\"wp-block-column is-vertically-aligned-center is-layout-flow wp-block-column-is-layout-flow\" style=\"flex-basis:50%\">\n<h2 class=\"wp-block-heading has-nv-text-dark-bg-color has-text-color\">\u00d6zenle Haz\u0131rl\u0131yoruz<\/h2>\n\n\n\n<p class=\"has-nv-text-dark-bg-color has-text-color\">Restoran\u0131m\u0131zda taze ve lezzetli deniz \u00fcr\u00fcnlerini bulabilirsiniz. Uzman \u015feflerimiz, denizden gelen enfes lezzetleri ustal\u0131kla haz\u0131rlayarak sizleri a\u011f\u0131rl\u0131yor. Kaliteli malzemeler ve \u00f6zenli sunumlarla haz\u0131rlanan bal\u0131k, karides, midye gibi \u00e7e\u015fitli deniz \u00fcr\u00fcnleri, damak zevkinizi tatmin edecek. Restoran\u0131m\u0131z\u0131n atmosferi ise s\u0131cak ve samimi bir ortam sunarak keyifli bir yeme\u011fin tad\u0131n\u0131 \u00e7\u0131karman\u0131za olanak tan\u0131yor.<\/p>\n\n\n\n<div style=\"height:20px\" aria-hidden=\"true\" class=\"wp-block-spacer\"><\/div>\n\n\n\n<div class=\"wp-block-buttons is-layout-flex wp-block-buttons-is-layout-flex\">\n<div class=\"wp-block-button is-style-primary\"><a class=\"wp-block-button__link wp-element-button\" href=\"http:\/\/www.pasarestaurantpansiyon.com\/?page_id=8\">B\u0130ZE ULA\u015eIN<\/a><\/div>\n<\/div>\n\n\n\n<div style=\"height:20px\" aria-hidden=\"true\" class=\"wp-block-spacer\"><\/div>\n<\/div>\n\n\n\n<div class=\"wp-block-column is-vertically-aligned-center is-layout-flow wp-block-column-is-layout-flow\" style=\"flex-basis:50%\">\n<figure class=\"wp-block-image size-full\"><img loading=\"lazy\" decoding=\"async\" width=\"600\" height=\"600\" src=\"http:\/\/www.pasarestaurantpansiyon.com\/wp-content\/uploads\/2023\/05\/Untitled-1.png\" alt=\"\" class=\"wp-image-118\" srcset=\"https:\/\/www.pasarestaurantpansiyon.com\/wp-content\/uploads\/2023\/05\/Untitled-1.png 600w, https:\/\/www.pasarestaurantpansiyon.com\/wp-content\/uploads\/2023\/05\/Untitled-1-300x300.png 300w, https:\/\/www.pasarestaurantpansiyon.com\/wp-content\/uploads\/2023\/05\/Untitled-1-150x150.png 150w\" sizes=\"auto, (max-width: 600px) 100vw, 600px\" \/><\/figure>\n<\/div>\n<\/div>\n\n\n\n<div style=\"height:40px\" aria-hidden=\"true\" class=\"wp-block-spacer\"><\/div>\n<\/div><\/div>\n<\/div><\/div>\n\n\n\n<h2 class=\"wp-block-heading\">Men\u00fcm\u00fczden G\u00f6r\u00fcnt\u00fcler<\/h2>\n\n\n\n<figure class=\"wp-block-gallery has-nested-images columns-7 is-cropped wp-block-gallery-1 is-layout-flex wp-block-gallery-is-layout-flex\">\n<figure class=\"wp-block-image size-thumbnail\"><img loading=\"lazy\" decoding=\"async\" width=\"150\" height=\"150\" data-id=\"78\" src=\"http:\/\/www.pasarestaurantpansiyon.com\/wp-content\/uploads\/2023\/05\/restaurant-ansayfa-1-150x150.png\" alt=\"\" class=\"wp-image-78\" srcset=\"https:\/\/www.pasarestaurantpansiyon.com\/wp-content\/uploads\/2023\/05\/restaurant-ansayfa-1-150x150.png 150w, https:\/\/www.pasarestaurantpansiyon.com\/wp-content\/uploads\/2023\/05\/restaurant-ansayfa-1-300x300.png 300w, https:\/\/www.pasarestaurantpansiyon.com\/wp-content\/uploads\/2023\/05\/restaurant-ansayfa-1.png 600w\" sizes=\"auto, (max-width: 150px) 100vw, 150px\" \/><\/figure>\n\n\n\n<figure class=\"wp-block-image size-thumbnail\"><img loading=\"lazy\" decoding=\"async\" width=\"150\" height=\"150\" data-id=\"75\" src=\"http:\/\/www.pasarestaurantpansiyon.com\/wp-content\/uploads\/2023\/05\/IMG-20230524-WA0085-1-150x150.jpg\" alt=\"\" class=\"wp-image-75\" srcset=\"https:\/\/www.pasarestaurantpansiyon.com\/wp-content\/uploads\/2023\/05\/IMG-20230524-WA0085-1-150x150.jpg 150w, https:\/\/www.pasarestaurantpansiyon.com\/wp-content\/uploads\/2023\/05\/IMG-20230524-WA0085-1-300x300.jpg 300w, https:\/\/www.pasarestaurantpansiyon.com\/wp-content\/uploads\/2023\/05\/IMG-20230524-WA0085-1-1024x1024.jpg 1024w, https:\/\/www.pasarestaurantpansiyon.com\/wp-content\/uploads\/2023\/05\/IMG-20230524-WA0085-1-768x768.jpg 768w, https:\/\/www.pasarestaurantpansiyon.com\/wp-content\/uploads\/2023\/05\/IMG-20230524-WA0085-1-1536x1536.jpg 1536w, https:\/\/www.pasarestaurantpansiyon.com\/wp-content\/uploads\/2023\/05\/IMG-20230524-WA0085-1.jpg 1600w\" sizes=\"auto, (max-width: 150px) 100vw, 150px\" \/><\/figure>\n\n\n\n<figure class=\"wp-block-image size-thumbnail\"><img loading=\"lazy\" decoding=\"async\" width=\"150\" height=\"150\" data-id=\"74\" src=\"http:\/\/www.pasarestaurantpansiyon.com\/wp-content\/uploads\/2023\/05\/IMG-20230524-WA0084-1-150x150.jpg\" alt=\"\" class=\"wp-image-74\"\/><\/figure>\n\n\n\n<figure class=\"wp-block-image size-thumbnail\"><img loading=\"lazy\" decoding=\"async\" width=\"150\" height=\"150\" data-id=\"72\" src=\"http:\/\/www.pasarestaurantpansiyon.com\/wp-content\/uploads\/2023\/05\/IMG-20230524-WA0082-1-150x150.jpg\" alt=\"\" class=\"wp-image-72\"\/><\/figure>\n\n\n\n<figure class=\"wp-block-image size-thumbnail\"><img loading=\"lazy\" decoding=\"async\" width=\"150\" height=\"150\" data-id=\"71\" src=\"http:\/\/www.pasarestaurantpansiyon.com\/wp-content\/uploads\/2023\/05\/IMG-20230524-WA0081-1-150x150.jpg\" alt=\"\" class=\"wp-image-71\"\/><\/figure>\n\n\n\n<figure class=\"wp-block-image size-thumbnail\"><img loading=\"lazy\" decoding=\"async\" width=\"150\" height=\"150\" data-id=\"68\" src=\"http:\/\/www.pasarestaurantpansiyon.com\/wp-content\/uploads\/2023\/05\/IMG-20230524-WA0076-1-150x150.jpg\" alt=\"\" class=\"wp-image-68\"\/><\/figure>\n\n\n\n<figure class=\"wp-block-image size-thumbnail\"><img loading=\"lazy\" decoding=\"async\" width=\"150\" height=\"150\" data-id=\"64\" src=\"http:\/\/www.pasarestaurantpansiyon.com\/wp-content\/uploads\/2023\/05\/IMG-20230524-WA0072-1-150x150.jpg\" alt=\"\" class=\"wp-image-64\"\/><\/figure>\n\n\n\n<figure class=\"wp-block-image size-thumbnail\"><img loading=\"lazy\" decoding=\"async\" width=\"150\" height=\"150\" data-id=\"66\" src=\"http:\/\/www.pasarestaurantpansiyon.com\/wp-content\/uploads\/2023\/05\/IMG-20230524-WA0074-1-150x150.jpg\" alt=\"\" class=\"wp-image-66\"\/><\/figure>\n\n\n\n<figure class=\"wp-block-image size-thumbnail\"><img loading=\"lazy\" decoding=\"async\" width=\"150\" height=\"150\" data-id=\"63\" src=\"http:\/\/www.pasarestaurantpansiyon.com\/wp-content\/uploads\/2023\/05\/IMG-20230524-WA0071-1-150x150.jpg\" alt=\"\" class=\"wp-image-63\"\/><\/figure>\n\n\n\n<figure class=\"wp-block-image size-thumbnail\"><img loading=\"lazy\" decoding=\"async\" width=\"150\" height=\"150\" data-id=\"60\" src=\"http:\/\/www.pasarestaurantpansiyon.com\/wp-content\/uploads\/2023\/05\/IMG-20230524-WA0068-1-150x150.jpg\" alt=\"\" class=\"wp-image-60\"\/><\/figure>\n\n\n\n<figure class=\"wp-block-image size-thumbnail\"><img loading=\"lazy\" decoding=\"async\" width=\"150\" height=\"150\" data-id=\"59\" src=\"http:\/\/www.pasarestaurantpansiyon.com\/wp-content\/uploads\/2023\/05\/IMG-20230524-WA0067-1-150x150.jpg\" alt=\"\" class=\"wp-image-59\"\/><\/figure>\n\n\n\n<figure class=\"wp-block-image size-thumbnail\"><img loading=\"lazy\" decoding=\"async\" width=\"150\" height=\"150\" data-id=\"57\" src=\"http:\/\/www.pasarestaurantpansiyon.com\/wp-content\/uploads\/2023\/05\/IMG-20230524-WA0065-1-150x150.jpg\" alt=\"\" class=\"wp-image-57\"\/><\/figure>\n\n\n\n<figure class=\"wp-block-image size-thumbnail\"><img loading=\"lazy\" decoding=\"async\" width=\"150\" height=\"150\" data-id=\"56\" src=\"http:\/\/www.pasarestaurantpansiyon.com\/wp-content\/uploads\/2023\/05\/IMG-20230524-WA0064-1-150x150.jpg\" alt=\"\" class=\"wp-image-56\"\/><\/figure>\n\n\n\n<figure class=\"wp-block-image size-thumbnail\"><img loading=\"lazy\" decoding=\"async\" width=\"150\" height=\"150\" data-id=\"50\" src=\"http:\/\/www.pasarestaurantpansiyon.com\/wp-content\/uploads\/2023\/05\/IMG-20230524-WA0058-1-150x150.jpg\" alt=\"\" class=\"wp-image-50\"\/><\/figure>\n\n\n\n<figure class=\"wp-block-image size-thumbnail\"><img loading=\"lazy\" decoding=\"async\" width=\"150\" height=\"150\" data-id=\"51\" src=\"http:\/\/www.pasarestaurantpansiyon.com\/wp-content\/uploads\/2023\/05\/IMG-20230524-WA0059-1-150x150.jpg\" alt=\"\" class=\"wp-image-51\"\/><\/figure>\n\n\n\n<figure class=\"wp-block-image size-thumbnail\"><img loading=\"lazy\" decoding=\"async\" width=\"150\" height=\"150\" data-id=\"52\" src=\"http:\/\/www.pasarestaurantpansiyon.com\/wp-content\/uploads\/2023\/05\/IMG-20230524-WA0060-1-150x150.jpg\" alt=\"\" class=\"wp-image-52\"\/><\/figure>\n\n\n\n<figure class=\"wp-block-image size-thumbnail\"><img loading=\"lazy\" decoding=\"async\" width=\"150\" height=\"150\" data-id=\"53\" src=\"http:\/\/www.pasarestaurantpansiyon.com\/wp-content\/uploads\/2023\/05\/IMG-20230524-WA0061-1-150x150.jpg\" alt=\"\" class=\"wp-image-53\"\/><\/figure>\n\n\n\n<figure class=\"wp-block-image size-thumbnail\"><img loading=\"lazy\" decoding=\"async\" width=\"150\" height=\"150\" data-id=\"54\" src=\"http:\/\/www.pasarestaurantpansiyon.com\/wp-content\/uploads\/2023\/05\/IMG-20230524-WA0062-1-150x150.jpg\" alt=\"\" class=\"wp-image-54\"\/><\/figure>\n\n\n\n<figure class=\"wp-block-image size-thumbnail\"><img loading=\"lazy\" decoding=\"async\" width=\"150\" height=\"150\" data-id=\"55\" src=\"http:\/\/www.pasarestaurantpansiyon.com\/wp-content\/uploads\/2023\/05\/IMG-20230524-WA0063-1-150x150.jpg\" alt=\"\" class=\"wp-image-55\"\/><\/figure>\n\n\n\n<figure class=\"wp-block-image size-thumbnail\"><img loading=\"lazy\" decoding=\"async\" width=\"150\" height=\"150\" data-id=\"49\" src=\"http:\/\/www.pasarestaurantpansiyon.com\/wp-content\/uploads\/2023\/05\/IMG-20230524-WA0057-1-150x150.jpg\" alt=\"\" class=\"wp-image-49\"\/><\/figure>\n\n\n\n<figure class=\"wp-block-image size-thumbnail\"><img loading=\"lazy\" decoding=\"async\" width=\"150\" height=\"150\" data-id=\"48\" src=\"http:\/\/www.pasarestaurantpansiyon.com\/wp-content\/uploads\/2023\/05\/IMG-20230524-WA0056-1-150x150.jpg\" alt=\"\" class=\"wp-image-48\"\/><\/figure>\n\n\n\n<figure class=\"wp-block-image size-thumbnail\"><img loading=\"lazy\" decoding=\"async\" width=\"150\" height=\"150\" data-id=\"47\" src=\"http:\/\/www.pasarestaurantpansiyon.com\/wp-content\/uploads\/2023\/05\/IMG-20230524-WA0055-1-150x150.jpg\" alt=\"\" class=\"wp-image-47\"\/><\/figure>\n\n\n\n<figure class=\"wp-block-image size-thumbnail\"><img loading=\"lazy\" decoding=\"async\" width=\"150\" height=\"150\" data-id=\"46\" src=\"http:\/\/www.pasarestaurantpansiyon.com\/wp-content\/uploads\/2023\/05\/IMG-20230524-WA0054-1-150x150.jpg\" alt=\"\" class=\"wp-image-46\"\/><\/figure>\n\n\n\n<figure class=\"wp-block-image size-thumbnail\"><img loading=\"lazy\" decoding=\"async\" width=\"150\" height=\"150\" data-id=\"45\" src=\"http:\/\/www.pasarestaurantpansiyon.com\/wp-content\/uploads\/2023\/05\/IMG-20230524-WA0053-1-150x150.jpg\" alt=\"\" class=\"wp-image-45\"\/><\/figure>\n\n\n\n<figure class=\"wp-block-image size-thumbnail\"><img loading=\"lazy\" decoding=\"async\" width=\"150\" height=\"150\" data-id=\"42\" src=\"http:\/\/www.pasarestaurantpansiyon.com\/wp-content\/uploads\/2023\/05\/IMG-20230524-WA0032-1-150x150.jpg\" alt=\"\" class=\"wp-image-42\"\/><\/figure>\n\n\n\n<figure class=\"wp-block-image size-thumbnail\"><img loading=\"lazy\" decoding=\"async\" width=\"150\" height=\"150\" data-id=\"41\" src=\"http:\/\/www.pasarestaurantpansiyon.com\/wp-content\/uploads\/2023\/05\/IMG-20230524-WA0031-1-150x150.jpg\" alt=\"\" class=\"wp-image-41\"\/><\/figure>\n\n\n\n<figure class=\"wp-block-image size-thumbnail\"><img loading=\"lazy\" decoding=\"async\" width=\"150\" height=\"150\" data-id=\"43\" src=\"http:\/\/www.pasarestaurantpansiyon.com\/wp-content\/uploads\/2023\/05\/IMG-20230524-WA0033-1-150x150.jpg\" alt=\"\" class=\"wp-image-43\"\/><\/figure>\n\n\n\n<figure class=\"wp-block-image size-thumbnail\"><img loading=\"lazy\" decoding=\"async\" width=\"150\" height=\"150\" data-id=\"36\" src=\"http:\/\/www.pasarestaurantpansiyon.com\/wp-content\/uploads\/2023\/05\/IMG-20230524-WA0026-1-150x150.jpg\" alt=\"\" class=\"wp-image-36\"\/><\/figure>\n\n\n\n<figure class=\"wp-block-image size-thumbnail\"><img loading=\"lazy\" decoding=\"async\" width=\"150\" height=\"150\" data-id=\"35\" src=\"http:\/\/www.pasarestaurantpansiyon.com\/wp-content\/uploads\/2023\/05\/IMG-20230524-WA0025-1-150x150.jpg\" alt=\"\" class=\"wp-image-35\"\/><\/figure>\n\n\n\n<figure class=\"wp-block-image size-thumbnail\"><img loading=\"lazy\" decoding=\"async\" width=\"150\" height=\"150\" data-id=\"34\" src=\"http:\/\/www.pasarestaurantpansiyon.com\/wp-content\/uploads\/2023\/05\/IMG-20230524-WA0024-1-150x150.jpg\" alt=\"\" class=\"wp-image-34\"\/><\/figure>\n\n\n\n<figure class=\"wp-block-image size-thumbnail\"><img loading=\"lazy\" decoding=\"async\" width=\"150\" height=\"150\" data-id=\"30\" src=\"http:\/\/www.pasarestaurantpansiyon.com\/wp-content\/uploads\/2023\/05\/IMG-20230524-WA0020-1-150x150.jpg\" alt=\"\" class=\"wp-image-30\"\/><\/figure>\n\n\n\n<figure class=\"wp-block-image size-thumbnail\"><img loading=\"lazy\" decoding=\"async\" width=\"150\" height=\"150\" data-id=\"39\" src=\"http:\/\/www.pasarestaurantpansiyon.com\/wp-content\/uploads\/2023\/05\/IMG-20230524-WA0029-1-150x150.jpg\" alt=\"\" class=\"wp-image-39\"\/><\/figure>\n\n\n\n<figure class=\"wp-block-image size-thumbnail\"><img loading=\"lazy\" decoding=\"async\" width=\"150\" height=\"150\" data-id=\"32\" src=\"http:\/\/www.pasarestaurantpansiyon.com\/wp-content\/uploads\/2023\/05\/IMG-20230524-WA0022-1-150x150.jpg\" alt=\"\" class=\"wp-image-32\"\/><\/figure>\n\n\n\n<figure class=\"wp-block-image size-thumbnail\"><img loading=\"lazy\" decoding=\"async\" width=\"150\" height=\"150\" data-id=\"33\" src=\"http:\/\/www.pasarestaurantpansiyon.com\/wp-content\/uploads\/2023\/05\/IMG-20230524-WA0023-1-150x150.jpg\" alt=\"\" class=\"wp-image-33\"\/><\/figure>\n<\/figure>\n\n\n\n<div style=\"height:51px\" aria-hidden=\"true\" class=\"wp-block-spacer\"><\/div>\n","protected":false},"excerpt":{"rendered":"<p>Men\u00fcm\u00fczden G\u00f6r\u00fcnt\u00fcler<\/p>\n","protected":false},"author":1,"featured_media":0,"parent":0,"menu_order":0,"comment_status":"closed","ping_status":"closed","template":"","meta":{"neve_meta_sidebar":"","neve_meta_container":"","neve_meta_enable_content_width":"on","neve_meta_content_width":100,"neve_meta_title_alignment":"","neve_meta_author_avatar":"","neve_post_elements_order":"","neve_meta_disable_header":"","neve_meta_disable_footer":"","neve_meta_disable_title":"on","_themeisle_gutenberg_block_has_review":false,"footnotes":""},"class_list":["post-81","page","type-page","status-publish","hentry"],"_links":{"self":[{"href":"https:\/\/www.pasarestaurantpansiyon.com\/index.php?rest_route=\/wp\/v2\/pages\/81","targetHints":{"allow":["GET"]}}],"collection":[{"href":"https:\/\/www.pasarestaurantpansiyon.com\/index.php?rest_route=\/wp\/v2\/pages"}],"about":[{"href":"https:\/\/www.pasarestaurantpansiyon.com\/index.php?rest_route=\/wp\/v2\/types\/page"}],"author":[{"embeddable":true,"href":"https:\/\/www.pasarestaurantpansiyon.com\/index.php?rest_route=\/wp\/v2\/users\/1"}],"replies":[{"embeddable":true,"href":"https:\/\/www.pasarestaurantpansiyon.com\/index.php?rest_route=%2Fwp%2Fv2%2Fcomments&post=81"}],"version-history":[{"count":4,"href":"https:\/\/www.pasarestaurantpansiyon.com\/index.php?rest_route=\/wp\/v2\/pages\/81\/revisions"}],"predecessor-version":[{"id":148,"href":"https:\/\/www.pasarestaurantpansiyon.com\/index.php?rest_route=\/wp\/v2\/pages\/81\/revisions\/148"}],"wp:attachment":[{"href":"https:\/\/www.pasarestaurantpansiyon.com\/index.php?rest_route=%2Fwp%2Fv2%2Fmedia&parent=81"}],"curies":[{"name":"wp","href":"https:\/\/api.w.org\/{rel}","templated":true}]}}