{"id":7,"date":"2023-05-25T10:43:33","date_gmt":"2023-05-25T07:43:33","guid":{"rendered":"http:\/\/www.pasarestaurantpansiyon.com\/?page_id=7"},"modified":"2023-05-26T06:57:19","modified_gmt":"2023-05-26T03:57:19","slug":"hakkinda","status":"publish","type":"page","link":"https:\/\/www.pasarestaurantpansiyon.com\/?page_id=7","title":{"rendered":"Hakk\u0131m\u0131zda"},"content":{"rendered":"\n<div class=\"wp-block-cover alignfull\" style=\"min-height:300px;aspect-ratio:unset;\"><span aria-hidden=\"true\" class=\"wp-block-cover__background has-nv-site-bg-background-color has-background-dim-100 has-background-dim\"><\/span><div class=\"wp-block-cover__inner-container is-layout-flow wp-block-cover-is-layout-flow\">\n<div class=\"wp-block-group\"><div class=\"wp-block-group__inner-container is-layout-flow wp-block-group-is-layout-flow\">\n<h1 class=\"wp-block-heading has-text-align-left has-neve-text-color-color has-text-color\">Hakk\u0131m\u0131zda<\/h1>\n<\/div><\/div>\n<\/div><\/div>\n\n\n\n<div class=\"wp-block-cover alignfull\" style=\"min-height:600px;aspect-ratio:unset;\"><span aria-hidden=\"true\" class=\"wp-block-cover__background has-nv-light-bg-background-color has-background-dim-100 has-background-dim\"><\/span><div class=\"wp-block-cover__inner-container is-layout-flow wp-block-cover-is-layout-flow\">\n<div class=\"wp-block-group\"><div class=\"wp-block-group__inner-container is-layout-flow wp-block-group-is-layout-flow\">\n<div style=\"height:80px\" aria-hidden=\"true\" class=\"wp-block-spacer\"><\/div>\n\n\n\n<div class=\"wp-block-columns are-vertically-aligned-center is-layout-flex wp-container-core-columns-is-layout-9d6595d7 wp-block-columns-is-layout-flex\">\n<div class=\"wp-block-column is-vertically-aligned-center is-layout-flow wp-block-column-is-layout-flow\" style=\"flex-basis:50%\">\n<figure class=\"wp-block-image size-full size-large\"><img loading=\"lazy\" decoding=\"async\" width=\"600\" height=\"600\" src=\"http:\/\/www.pasarestaurantpansiyon.com\/wp-content\/uploads\/2023\/05\/hakkimizda-2.png\" alt=\"\" class=\"wp-image-158\" srcset=\"https:\/\/www.pasarestaurantpansiyon.com\/wp-content\/uploads\/2023\/05\/hakkimizda-2.png 600w, https:\/\/www.pasarestaurantpansiyon.com\/wp-content\/uploads\/2023\/05\/hakkimizda-2-300x300.png 300w, https:\/\/www.pasarestaurantpansiyon.com\/wp-content\/uploads\/2023\/05\/hakkimizda-2-150x150.png 150w\" sizes=\"auto, (max-width: 600px) 100vw, 600px\" \/><\/figure>\n<\/div>\n\n\n\n<div class=\"wp-block-column is-vertically-aligned-center is-layout-flow wp-block-column-is-layout-flow\" style=\"flex-basis:50%\">\n<h2 class=\"wp-block-heading has-neve-text-color-color has-text-color\">Hikayemiz<\/h2>\n\n\n\n<p class=\"has-nv-dark-bg-color has-text-color\">Deniz kokular\u0131n\u0131n ve huzurunun bir araya geldi\u011fi bir tatil deneyimi i\u00e7in 1995 y\u0131l\u0131nda kurulan i\u015fletmemiz, hem deniz \u00fcr\u00fcnleri restoran\u0131 hem de konaklama imkan\u0131 sunan bir pansiyon-otel olarak sizleri a\u011f\u0131rlamaktan mutluluk duyar\u0131z. \u0130\u015fletmemiz denize 100 metre, Kemer merkeze 15 kilometre, Antalya merkeze ise 20 kilometre uzakl\u0131kta oldu\u011fundan diledi\u011finiz yere \u00e7ok h\u0131zl\u0131 bir \u015fekilde ula\u015fabilirsiniz.<\/p>\n\n\n\n<p class=\"has-nv-dark-bg-color has-text-color\">Restoran\u0131m\u0131z, lezzetli ve taze deniz \u00fcr\u00fcnleriyle dolu bir men\u00fcye sahiptir. Uzman \u015feflerimiz, denizden gelen bal\u0131klar\u0131, karidesleri, midyeleri ve di\u011fer deniz \u00fcr\u00fcnlerini \u00f6zenle haz\u0131rlar ve misafirlerimize sunar. Restoran\u0131m\u0131z\u0131n s\u0131cak ve samimi atmosferinde, bu lezzetleri keyifle tadabilir, deniz esintileri e\u015fli\u011finde unutulmaz bir yemek deneyimi ya\u015fayabilirsiniz.<\/p>\n<\/div>\n<\/div>\n\n\n\n<div style=\"height:40px\" aria-hidden=\"true\" class=\"wp-block-spacer\"><\/div>\n<\/div><\/div>\n<\/div><\/div>\n\n\n\n<div class=\"wp-block-cover alignfull\" style=\"min-height:600px;aspect-ratio:unset;\"><span aria-hidden=\"true\" class=\"wp-block-cover__background has-nv-dark-bg-background-color has-background-dim-100 has-background-dim\"><\/span><div class=\"wp-block-cover__inner-container is-layout-flow wp-block-cover-is-layout-flow\">\n<div class=\"wp-block-group\"><div class=\"wp-block-group__inner-container is-layout-flow wp-block-group-is-layout-flow\">\n<div style=\"height:80px\" aria-hidden=\"true\" class=\"wp-block-spacer\"><\/div>\n\n\n\n<div class=\"wp-block-columns are-vertically-aligned-center is-layout-flex wp-container-core-columns-is-layout-9d6595d7 wp-block-columns-is-layout-flex\">\n<div class=\"wp-block-column is-vertically-aligned-center is-layout-flow wp-block-column-is-layout-flow\" style=\"flex-basis:50%\">\n<h2 class=\"wp-block-heading has-nv-text-dark-bg-color has-text-color\">Biz, sizlere unutulmaz bir tatil deneyimi sunmak i\u00e7in buraday\u0131z.<\/h2>\n\n\n\n<p>\u0130\u015fletmemiz, muhte\u015fem deniz \u00fcr\u00fcnleri restoran\u0131yla damaklar\u0131 \u015fenlendirirken, konforlu otel odalar\u0131yla da dinlendirici bir konaklama deneyimi sunmaktad\u0131r. Deniz kenar\u0131nda bulunan konumumuz ise plaja sadece 100 metredir, b\u00f6ylece denizin keyfini doyas\u0131ya \u00e7\u0131karabilir ve isterseniz pansiyonumuzda bulunan havuzda rahatlayabilirsiniz. Ayr\u0131ca, \u00e7evredeki do\u011fal g\u00fczellikleri ke\u015ffedebilir, su sporlar\u0131yla enerjinizi atabilir veya kumsalda g\u00fcne\u015flenebilirsiniz.<\/p>\n\n\n\n<p>Restoran\u0131m\u0131zdaki lezzetlerle damaklar\u0131n\u0131z\u0131 \u015fenlendirirken, otel odalar\u0131m\u0131zda huzur bulman\u0131z\u0131 sa\u011flamak i\u00e7in \u00f6zenle \u00e7al\u0131\u015f\u0131yoruz. Denizin b\u00fcy\u00fcleyici atmosferiyle bulu\u015faca\u011f\u0131n\u0131z bu tatil deneyiminde, keyif dolu an\u0131lar biriktirmeniz i\u00e7in sizleri i\u015fletmemize davet ediyoruz.<\/p>\n\n\n\n<div style=\"height:20px\" aria-hidden=\"true\" class=\"wp-block-spacer\"><\/div>\n\n\n\n<div class=\"wp-block-buttons is-layout-flex wp-block-buttons-is-layout-flex\">\n<div class=\"wp-block-button is-style-primary\"><a class=\"wp-block-button__link wp-element-button\" href=\"http:\/\/www.pasarestaurantpansiyon.com\/?page_id=8\">\u0130LET\u0130\u015e\u0130ME GE\u00c7\u0130N<\/a><\/div>\n<\/div>\n\n\n\n<div style=\"height:20px\" aria-hidden=\"true\" class=\"wp-block-spacer\"><\/div>\n<\/div>\n\n\n\n<div class=\"wp-block-column is-vertically-aligned-center is-layout-flow wp-block-column-is-layout-flow\" style=\"flex-basis:50%\">\n<figure class=\"wp-block-image size-full\"><img loading=\"lazy\" decoding=\"async\" width=\"600\" height=\"600\" src=\"http:\/\/www.pasarestaurantpansiyon.com\/wp-content\/uploads\/2023\/05\/hakkimida.png\" alt=\"\" class=\"wp-image-102\" srcset=\"https:\/\/www.pasarestaurantpansiyon.com\/wp-content\/uploads\/2023\/05\/hakkimida.png 600w, https:\/\/www.pasarestaurantpansiyon.com\/wp-content\/uploads\/2023\/05\/hakkimida-300x300.png 300w, https:\/\/www.pasarestaurantpansiyon.com\/wp-content\/uploads\/2023\/05\/hakkimida-150x150.png 150w\" sizes=\"auto, (max-width: 600px) 100vw, 600px\" \/><\/figure>\n<\/div>\n<\/div>\n\n\n\n<div style=\"height:40px\" aria-hidden=\"true\" class=\"wp-block-spacer\"><\/div>\n<\/div><\/div>\n<\/div><\/div>\n\n\n\n<div class=\"wp-block-cover alignfull\" style=\"min-height:420px;aspect-ratio:unset;\"><span aria-hidden=\"true\" class=\"wp-block-cover__background has-nv-site-bg-background-color has-background-dim-100 has-background-dim\"><\/span><div class=\"wp-block-cover__inner-container is-layout-flow wp-block-cover-is-layout-flow\">\n<div style=\"height:80px\" aria-hidden=\"true\" class=\"wp-block-spacer\"><\/div>\n\n\n\n<div class=\"wp-block-columns is-layout-flex wp-container-core-columns-is-layout-9d6595d7 wp-block-columns-is-layout-flex\">\n<div class=\"wp-block-column ticss-4ce656f1 is-layout-flow wp-block-column-is-layout-flow\">\n<figure class=\"wp-block-image is-resized icon-style is-style-rounded\"><img loading=\"lazy\" decoding=\"async\" src=\"http:\/\/www.pasarestaurantpansiyon.com\/wp-content\/themes\/neve\/assets\/img\/starter-content\/icon-03.svg\" alt=\"\" width=\"48\" height=\"48\"\/><\/figure>\n\n\n\n<h3 class=\"wp-block-heading has-text-align-left has-text-align-center has-neve-text-color-color has-text-color\">Hijyen ve Temizlik<\/h3>\n\n\n\n<p class=\"has-text-align-left has-neve-text-color-color has-text-color\" style=\"font-size:15px\">Restaurant &amp; Pansiyonumuz her g\u00fcn temizlenmektedir. Hijyen standartlar\u0131na uyuyoruz.<\/p>\n\n\n\n<div style=\"height:20px\" aria-hidden=\"true\" class=\"wp-block-spacer\"><\/div>\n<\/div>\n\n\n\n<div class=\"wp-block-column ticss-f6fc7494 is-layout-flow wp-block-column-is-layout-flow\">\n<figure class=\"wp-block-image is-resized icon-style is-style-rounded\"><img loading=\"lazy\" decoding=\"async\" src=\"http:\/\/www.pasarestaurantpansiyon.com\/wp-content\/themes\/neve\/assets\/img\/starter-content\/icon-03.svg\" alt=\"\" width=\"48\" height=\"48\"\/><\/figure>\n\n\n\n<h3 class=\"wp-block-heading has-text-align-left has-text-align-center has-neve-text-color-color has-text-color\">Zengin Men\u00fc<\/h3>\n\n\n\n<p class=\"has-text-align-left has-neve-text-color-color has-text-color\" style=\"font-size:15px\">Restoran\u0131m\u0131z, lezzetli ve taze deniz \u00fcr\u00fcnleriyle dolu bir men\u00fcye sahiptir.<\/p>\n\n\n\n<div style=\"height:20px\" aria-hidden=\"true\" class=\"wp-block-spacer\"><\/div>\n<\/div>\n\n\n\n<div class=\"wp-block-column ticss-a5b4df29 is-layout-flow wp-block-column-is-layout-flow\">\n<figure class=\"wp-block-image is-resized icon-style is-style-rounded\"><img loading=\"lazy\" decoding=\"async\" src=\"http:\/\/www.pasarestaurantpansiyon.com\/wp-content\/themes\/neve\/assets\/img\/starter-content\/icon-03.svg\" alt=\"\" width=\"48\" height=\"48\"\/><\/figure>\n\n\n\n<h3 class=\"wp-block-heading has-text-align-left has-text-align-center has-neve-text-color-color has-text-color\">Konforlu Tatil<\/h3>\n\n\n\n<p class=\"has-text-align-left has-neve-text-color-color has-text-color\" style=\"font-size:15px\">Kendiniz evinizde hissedece\u011finiz rahat ve g\u00fczel bir tatil i\u00e7in.<\/p>\n\n\n\n<div style=\"height:20px\" aria-hidden=\"true\" class=\"wp-block-spacer\"><\/div>\n<\/div>\n<\/div>\n\n\n\n<div style=\"height:0px\" aria-hidden=\"true\" class=\"wp-block-spacer\"><\/div>\n\n\n\n<h2 class=\"wp-block-heading has-text-align-center has-neve-text-color-color has-text-color\" style=\"font-size:43px\">REZERVASYON \u0130\u00c7\u0130N<\/h2>\n\n\n\n<div class=\"wp-block-buttons is-content-justification-center is-layout-flex wp-container-core-buttons-is-layout-16018d1d wp-block-buttons-is-layout-flex\">\n<div class=\"wp-block-button is-style-primary\"><a class=\"wp-block-button__link wp-element-button\" href=\"http:\/\/www.pasarestaurantpansiyon.com\/?page_id=8\">B\u0130ZE ULA\u015eIN<\/a><\/div>\n<\/div>\n<\/div><\/div>\n\n\n\n<hr class=\"wp-block-separator has-text-color has-nv-text-dark-bg-color has-alpha-channel-opacity has-nv-text-dark-bg-background-color has-background\"\/>\n","protected":false},"excerpt":{"rendered":"","protected":false},"author":1,"featured_media":0,"parent":0,"menu_order":0,"comment_status":"closed","ping_status":"closed","template":"","meta":{"neve_meta_sidebar":"","neve_meta_container":"","neve_meta_enable_content_width":"on","neve_meta_content_width":100,"neve_meta_title_alignment":"","neve_meta_author_avatar":"","neve_post_elements_order":"","neve_meta_disable_header":"","neve_meta_disable_footer":"","neve_meta_disable_title":"on","_themeisle_gutenberg_block_has_review":false,"footnotes":""},"class_list":["post-7","page","type-page","status-publish","hentry"],"_links":{"self":[{"href":"https:\/\/www.pasarestaurantpansiyon.com\/index.php?rest_route=\/wp\/v2\/pages\/7","targetHints":{"allow":["GET"]}}],"collection":[{"href":"https:\/\/www.pasarestaurantpansiyon.com\/index.php?rest_route=\/wp\/v2\/pages"}],"about":[{"href":"https:\/\/www.pasarestaurantpansiyon.com\/index.php?rest_route=\/wp\/v2\/types\/page"}],"author":[{"embeddable":true,"href":"https:\/\/www.pasarestaurantpansiyon.com\/index.php?rest_route=\/wp\/v2\/users\/1"}],"replies":[{"embeddable":true,"href":"https:\/\/www.pasarestaurantpansiyon.com\/index.php?rest_route=%2Fwp%2Fv2%2Fcomments&post=7"}],"version-history":[{"count":7,"href":"https:\/\/www.pasarestaurantpansiyon.com\/index.php?rest_route=\/wp\/v2\/pages\/7\/revisions"}],"predecessor-version":[{"id":168,"href":"https:\/\/www.pasarestaurantpansiyon.com\/index.php?rest_route=\/wp\/v2\/pages\/7\/revisions\/168"}],"wp:attachment":[{"href":"https:\/\/www.pasarestaurantpansiyon.com\/index.php?rest_route=%2Fwp%2Fv2%2Fmedia&parent=7"}],"curies":[{"name":"wp","href":"https:\/\/api.w.org\/{rel}","templated":true}]}}